{"id":148,"date":"2021-01-16T11:58:37","date_gmt":"2021-01-16T10:58:37","guid":{"rendered":"http:\/\/morzsaovi.hu\/?page_id=148"},"modified":"2021-02-12T22:58:20","modified_gmt":"2021-02-12T21:58:20","slug":"morzsa-ovoda","status":"publish","type":"page","link":"https:\/\/morzsaovi.hu\/?page_id=148","title":{"rendered":"Morzsa \u00d3voda"},"content":{"rendered":"\n<p>Profilj\u00e1b\u00f3l ad\u00f3d\u00f3an&nbsp;mindennapjainkban megjelenik a mozg\u00e1s, torna, amely megalapozza az&nbsp;eg\u00e9szs\u00e9ges idegrendszer fejl\u0151d\u00e9s\u00e9t.<\/p>\n\n\n\n<p>S\u00f3szob\u00e1s tornaterm\u00fcnkben, csoportszob\u00e1inkban \u00e9s kert\u00fcnkben felszerelt, biztons\u00e1gos j\u00e1tsz\u00f3k\u00f6rnyezetet biztos\u00edtunk.<\/p>\n\n\n\n<p>Az \u00f3vodai sporttal a c\u00e9lunk, hogy egy \u00e9letre megszerettess\u00fck a gyermekekkel a testmozg\u00e1st, ebb\u0151l ad\u00f3d\u00f3an nem szabunk szigor\u00fa szab\u00e1lyokat a sportnak, t\u00f6reked\u00fcnk az \u00e9rdekl\u0151d\u00e9s\u00fck felkelt\u00e9s\u00e9re \u00e9s fenntart\u00e1s\u00e1ra mesevil\u00e1ggal, zen\u00e9s j\u00e1t\u00e9kokkal.<\/p>\n\n\n\n<p>Edz\u0151ink, oktat\u00f3ink nem csup\u00e1n j\u00f3 szakemberek, hanem j\u00f3 pedag\u00f3gusok is, akik tudj\u00e1k a megfelel\u0151 nevel\u00e9si eszk\u00f6z\u00f6ket, a gyermekek motiv\u00e1l\u00e1s\u00e1hoz.<\/p>\n\n\n\n<p><strong>Int\u00e9zm\u00e9ny\u00fcnk sokoldal\u00fa mozg\u00e1ssal foglalkoztatja a kicsiket<\/strong><\/p>\n\n\n\n<ul class=\"wp-block-list\"><li>\u00dasz\u00e1s (tanuszod\u00e1ban)<\/li><li>Judo<\/li><li><a href=\"http:\/\/morzsaovi.hu\/?page_id=402\" target=\"_blank\" rel=\"noreferrer noopener\">TSMT<\/a>&nbsp;torna<\/li><li>Korcsolya (\u00fajpesti Vasas J\u00e9gcsarnokban)<\/li><li>Szertorna (UTE Keleti \u00c1gnes Tornacsarnokban)<\/li><li>Foci (szakedz\u0151vel a&nbsp;REAC-p\u00e1ly\u00e1n, REAC sportiskola)<\/li><\/ul>\n\n\n\n<p>Minden nap lehet\u0151s\u00e9g van tev\u00e9kenys\u00e9g k\u00f6zpont\u00fa j\u00e1t\u00e9kba integr\u00e1lt tanul\u00e1sra <strong>angol<\/strong> nyelven (mese, mond\u00f3ka, \u00e9nek-zene, k\u00e9zm\u0171ves foglalkoz\u00e1sok).<\/p>\n\n\n\n<p><strong>Az angollal, mint idegen nyelvvel val\u00f3 ismerked\u00e9s.<\/strong><\/p>\n\n\n\n<p><strong>C\u00e9lja<\/strong>:<\/p>\n\n\n\n<p><\/p>\n\n\n\n<p>Sz\u00fcl\u0151i ig\u00e9nyek alapj\u00e1n-fejletts\u00e9ghez igaz\u00edtott tervez\u00e9s biztos\u00edt\u00e1sa mellett- lehet\u0151s\u00e9get ny\u00fajtunk a gyermekeknek az angol nyelvvel val\u00f3 ismerked\u00e9sre, hisz a nyelvelsaj\u00e1t\u00edt\u00e1shoz h\u00e1rom \u00e9s \u00f6t \u00e9ves kor k\u00f6z\u00f6tt van a legjobb id\u0151ablak. Agyuk ekkor m\u00e9g intenz\u00edven fejl\u0151dik, az idegek k\u00f6z\u00f6tt ekkor \u00e9p\u00fcl ki a h\u00e1l\u00f3zat.<\/p>\n\n\n\n<p>H\u00e9t \u00e9ves kor alatt a gyermekek, mint anyanyelvk\u00e9nt saj\u00e1t\u00edtj\u00e1k el az idegen nyelvet, id\u0151sebb korban azonban m\u00e1r idegen nyelvk\u00e9nt saj\u00e1t\u00edtj\u00e1k el.<\/p>\n\n\n\n<p>Az \u00f3vod\u00e1s gyerekek ebben az id\u0151szakban nagyon rugalmasak, \u00e9s befogad\u00f3ak.<\/p>\n\n\n\n<p>Az idegen nyelv elsaj\u00e1t\u00edt\u00e1s\u00e1nak c\u00e9ljai:<\/p>\n\n\n\n<ul class=\"wp-block-list\"><li>Az angol nyelv ir\u00e1nti \u00e9rdekl\u0151d\u00e9s felkelt\u00e9se, fenntart\u00e1sa.<\/li><li>Az angol nyelvhez szoktat\u00e1s.<\/li><li>\u00c9lm\u00e9ny legyen a gyermekek sz\u00e1m\u00e1ra a nyelvtanul\u00e1s.<\/li><li>Motiv\u00e1ci\u00f3 az angol nyelv tanul\u00e1s\u00e1ra iskolai \u00e9let\u00fck sor\u00e1n is.<\/li><li>Sz\u00f3kincsb\u0151v\u00edt\u00e9s angol nyelven.<\/li><li>Az idegen nyelv j\u00e1t\u00e9kos tanul\u00e1sa nyitott\u00e1 teszi a gyermekek szem\u00e9lyis\u00e9g\u00e9t az \u0151ket k\u00f6r\u00fclvev\u0151 vil\u00e1gra, fejleszti a kognit\u00edv k\u00e9pess\u00e9geit, a figyelmet, gondolkod\u00e1st, koncentr\u00e1ci\u00f3t, besz\u00e9dk\u00e9szs\u00e9get, kifejez\u0151 k\u00e9szs\u00e9g\u00e9t.<\/li><\/ul>\n\n\n\n<p>&nbsp;A \u201eTitkos nyelv\u201d meg\u00e9rt\u00e9se \u00e9s besz\u00e9de \u00f6nbizalmat ad a gyermekek sz\u00e1m\u00e1ra.<\/p>\n\n\n\n<p><strong>Feladata:<\/strong><\/p>\n\n\n\n<p><\/p>\n\n\n\n<p>Az \u00f3vod\u00e1skor\u00fa gyermekek \u00e9letkori saj\u00e1toss\u00e1gainak \u00e9s egy\u00e9ni fejletts\u00e9g\u00e9nek megfelel\u0151en az idegen nyelvter\u00fcleten m\u00e9g \u00e9l\u0151 hagyom\u00e1nyok, szok\u00e1sok megismertet\u00e9se, tov\u00e1bb \u00f6r\u00f6k\u00edt\u00e9se, nyelv\u00e9nek, kult\u00far\u00e1j\u00e1nak \u00e1pol\u00e1sa az \u00f3vod\u00e1sok h\u00e9tk\u00f6znapi tev\u00e9kenys\u00e9grendszer\u00e9ben, \u00fcnnepeken.<\/p>\n\n\n\n<p><\/p>\n\n\n\n<p><strong>Az \u00f3vodapedag\u00f3gus feladatai<\/strong>:<\/p>\n\n\n\n<ul class=\"wp-block-list\"><li>Min\u00e9l teljesebb idegen nyelven foly\u00f3 kommunik\u00e1ci\u00f3 kialak\u00edt\u00e1sa.<\/li><li>Ut\u00e1nz\u00e1son alapul\u00f3, rendszeresen visszat\u00e9r\u0151 kommunik\u00e1ci\u00f3s helyzetek megteremt\u00e9se a k\u00fcl\u00f6nb\u00f6z\u0151 tev\u00e9kenys\u00e9gek sor\u00e1n.<\/li><li>A pedag\u00f3gus elfogad\u00f3, seg\u00edt\u0151, t\u00e1mogat\u00f3 attit\u0171dje modellt, mint\u00e1t jelent a gyermek sz\u00e1m\u00e1ra.<\/li><li>Az idegen nyelvi kult\u00farkincsb\u0151l \u2013 irodalom, zene, n\u00e9pi j\u00e1t\u00e9kok \u2013 tudatosan fel\u00e9p\u00edtett nyelvelsaj\u00e1t\u00edt\u00e1s megszervez\u00e9se.<\/li><\/ul>\n\n\n\n<p><strong>A fejl\u0151d\u00e9s v\u00e1rhat\u00f3 jellemz\u0151i \u00f3vod\u00e1skor v\u00e9g\u00e9re:<\/strong><\/p>\n\n\n\n<ul class=\"wp-block-list\"><li>Ismerik \u00e9s megnevezik idegen nyelven a testr\u00e9szeket, ismerik a tests\u00e9m\u00e1val kapcsolatos n\u00e9vut\u00f3kat, ir\u00e1nyokat.<\/li><li>Mozg\u00e1sfajt\u00e1kat mozg\u00e1sos j\u00e1t\u00e9kok szab\u00e1lyait idegen nyelven megnevezik, besz\u00e9d\u00fckben alkalmazz\u00e1k.<\/li><li>T\u00e1rsas helyzetekben idegen nyelven kezdem\u00e9nyeznek mozg\u00e1sos j\u00e1t\u00e9kokat.<\/li><li>\u00c9letkori saj\u00e1toss\u00e1guknak megfelel\u0151 hangmagass\u00e1gban ismernek dalokat, k\u00f6rj\u00e1t\u00e9kokat, gyermekj\u00e1t\u00e9kokat.<\/li><li>Rajzol\u00e1sukban, manu\u00e1lis k\u00e9szs\u00e9gfejleszt\u0151 tev\u00e9kenys\u00e9geikben idegen nyelven megneveznek, alkalmaznak t\u00e1rgyakat, eszk\u00f6z\u00f6ket, munkafolyamatokat, form\u00e1kat, sz\u00edneket.<\/li><li>Rendelkeznek a pontos nyelvi kifejez\u00e9s k\u00e9pess\u00e9g\u00e9vel, sz\u00edvesen alkalmazz\u00e1k nyelvi ismereteikben.<\/li><li>Tudnak a kommunik\u00e1ci\u00f3s helyzetnek megfelel\u0151en viselkedni (egyszer\u0171 k\u00e9rd\u00e9sek, v\u00e1laszad\u00f3 szerepk\u00f6r minden helyzetben).<\/li><li>K\u00fcl\u00f6nbs\u00e9get tesznek a nyelvhaszn\u00e1latban (idegen nyelv \u2013 magyar nyelv).<\/li><li>Ismernek, \u00f6n\u00e1ll\u00f3an mondanak dalokat, mond\u00f3k\u00e1kat idegen nyelven.<\/li><li>Megneveznek t\u00e1rgyakat, dolgokat, besz\u00e9lnek munkafolyamatokr\u00f3l, esem\u00e9nyekr\u0151l idegen nyelven.<\/li><li>Megneveznek n\u00f6v\u00e9nyeket, \u00e1llatokat, \u00e9vszakokat.<\/li><li>A gyermekekben kialakul a pozit\u00edv viszony az idegen nyelv kult\u00far\u00e1ja \u00e9s nyelve ir\u00e1nt.<\/li><li>\u00c9letkoruknak \u00e9s egy\u00e9ni k\u00e9pess\u00e9g\u00fcknek megfelel\u0151en rendelkeznek olyan sz\u00f3kinccsel, amely lehet\u0151v\u00e9 teszi, hogy a megszerzett ismereteket tudj\u00e1k idegen nyelven k\u00f6zvet\u00edteni.<\/li><li>Tudjanak t\u00e1j\u00e9koz\u00f3dni a kommunik\u00e1ci\u00f3s helyzetekben.<\/li><\/ul>\n\n\n\n<p><strong>Tov\u00e1bbi \u00f3vodai szolg\u00e1ltat\u00e1saink:<br><\/strong><br>\u00d3vod\u00e1nkban k\u00fcl\u00f6n figyelmet ford\u00edtunk m\u00e9g az <strong>Iskolael\u0151k\u00e9sz\u00edt\u0151<\/strong> foglalkoz\u00e1sokra, tov\u00e1bb\u00e1 az <strong>egy\u00e9ni k\u00e9szs\u00e9g- k\u00e9pess\u00e9gfejleszt\u00e9sekre<\/strong> is. <\/p>\n\n\n\n<p><a href=\"https:\/\/net.jogtar.hu\/jogszabaly?docid=a1300015.emm\">15\/2013. (II.26) EMMI rendelet 25.\u00a7 (3) bekezd\u00e9s alapj\u00e1n<\/a> \u201elogop\u00e9diai ell\u00e1t\u00e1s keret\u00e9ben el kell v\u00e9gezni a harmadik \u00e9s \u00f6t\u00f6dik \u00e9let\u00e9v\u00fcket bet\u00f6lt\u00f6tt gyermekek besz\u00e9d-\u00e9s nyelvi fejletts\u00e9g\u00e9nek sz\u0171r\u00e9s\u00e9t.\u201d<br><strong>Logop\u00e9dusunk logop\u00e9diai sz\u0171r\u00e9seket v\u00e9gez \u00e9s egy\u00e9ni\/csoportfoglalkoz\u00e1sokat tart<\/strong>. <\/p>\n\n\n\n<p><strong>Katica csoport:<\/strong><\/p>\n\n\n\n<p>Jelenleg egy \u00f3vodai csoportunk van, vegyes \u00e9letkor\u00fa csoport, k\u00e9t \u00f3v\u00f3n\u0151vel \u00e9s k\u00e9t dajk\u00e1val. A beiratkoz\u00e1s folyamatos, ez\u00e9rt a l\u00e9tsz\u00e1m v\u00e1ltoz\u00f3, egy csoportban maximum 20 gyermeket tartunk.<br>Legfontosabb a gyermekek sz\u00e1m\u00e1ra az \u00f6nfeledt j\u00e1t\u00e9k, \u00e9s ez \u00e1ltal ismeretek elsaj\u00e1t\u00edt\u00e1sa, tev\u00e9kenys\u00e9gk\u00f6zpont\u00fa pedag\u00f3giai programunk ezt biztos\u00edtja.<br><br>A sportok, mozg\u00e1s, logop\u00e9dia, iskola-el\u0151k\u00e9sz\u00edt\u00e9s, egy\u00e9ni fejleszt\u00e9sek mellett <strong>\u00f3vodai foglalkoz\u00e1sokra<\/strong> (vizu\u00e1lis, k\u00e9zm\u0171vess\u00e9g, mese, vers, mond\u00f3k\u00e1z\u00e1s, \u00e9nek, zene, k\u00fcls\u0151 vil\u00e1g tev\u00e9keny megismer\u00e9se, matematikai tartalm\u00fa ismeretek) \u00e9s gyermekek <strong>szabadj\u00e1t\u00e9k\u00e1ra<\/strong> is sort ker\u00edt\u00fcnk.<br>Mindennapi <strong>udvari j\u00e1t\u00e9kot<\/strong> csak rossz id\u0151 eset\u00e9n mell\u0151zz\u00fck.<br><strong>Besz\u00e9lget\u0151k\u00f6r<\/strong>, \u00e9s <strong>dr\u00e1maj\u00e1t\u00e9kok,<\/strong> a heti rend\u00fcnk szerves r\u00e9sze.<br><br><\/p>\n","protected":false},"excerpt":{"rendered":"<p>Profilj\u00e1b\u00f3l ad\u00f3d\u00f3an&nbsp;mindennapjainkban megjelenik a mozg\u00e1s, torna, amely megalapozza az&nbsp;eg\u00e9szs\u00e9ges idegrendszer fejl\u0151d\u00e9s\u00e9t. S\u00f3szob\u00e1s tornaterm\u00fcnkben, csoportszob\u00e1inkban \u00e9s kert\u00fcnkben felszerelt, biztons\u00e1gos j\u00e1tsz\u00f3k\u00f6rnyezetet biztos\u00edtunk. Az \u00f3vodai sporttal a c\u00e9lunk, hogy egy \u00e9letre megszerettess\u00fck a gyermekekkel a testmozg\u00e1st, ebb\u0151l ad\u00f3d\u00f3an nem szabunk szigor\u00fa szab\u00e1lyokat a sportnak, t\u00f6reked\u00fcnk az \u00e9rdekl\u0151d\u00e9s\u00fck felkelt\u00e9s\u00e9re \u00e9s fenntart\u00e1s\u00e1ra mesevil\u00e1ggal, zen\u00e9s j\u00e1t\u00e9kokkal. Edz\u0151ink, oktat\u00f3ink nem csup\u00e1n j\u00f3 [&hellip;]<\/p>\n","protected":false},"author":2,"featured_media":150,"parent":0,"menu_order":0,"comment_status":"closed","ping_status":"closed","template":"","meta":{"_monsterinsights_skip_tracking":false,"_monsterinsights_sitenote_active":false,"_monsterinsights_sitenote_note":"","_monsterinsights_sitenote_category":0,"footnotes":""},"class_list":["post-148","page","type-page","status-publish","has-post-thumbnail","hentry"],"aioseo_notices":[],"_links":{"self":[{"href":"https:\/\/morzsaovi.hu\/index.php?rest_route=\/wp\/v2\/pages\/148","targetHints":{"allow":["GET"]}}],"collection":[{"href":"https:\/\/morzsaovi.hu\/index.php?rest_route=\/wp\/v2\/pages"}],"about":[{"href":"https:\/\/morzsaovi.hu\/index.php?rest_route=\/wp\/v2\/types\/page"}],"author":[{"embeddable":true,"href":"https:\/\/morzsaovi.hu\/index.php?rest_route=\/wp\/v2\/users\/2"}],"replies":[{"embeddable":true,"href":"https:\/\/morzsaovi.hu\/index.php?rest_route=%2Fwp%2Fv2%2Fcomments&post=148"}],"version-history":[{"count":14,"href":"https:\/\/morzsaovi.hu\/index.php?rest_route=\/wp\/v2\/pages\/148\/revisions"}],"predecessor-version":[{"id":431,"href":"https:\/\/morzsaovi.hu\/index.php?rest_route=\/wp\/v2\/pages\/148\/revisions\/431"}],"wp:featuredmedia":[{"embeddable":true,"href":"https:\/\/morzsaovi.hu\/index.php?rest_route=\/wp\/v2\/media\/150"}],"wp:attachment":[{"href":"https:\/\/morzsaovi.hu\/index.php?rest_route=%2Fwp%2Fv2%2Fmedia&parent=148"}],"curies":[{"name":"wp","href":"https:\/\/api.w.org\/{rel}","templated":true}]}}