{"id":197,"date":"2021-01-16T13:35:38","date_gmt":"2021-01-16T12:35:38","guid":{"rendered":"http:\/\/morzsaovi.hu\/?page_id=197"},"modified":"2024-08-15T15:30:35","modified_gmt":"2024-08-15T14:30:35","slug":"kapcsolat","status":"publish","type":"page","link":"https:\/\/morzsaovi.hu\/?page_id=197","title":{"rendered":"Kapcsolat"},"content":{"rendered":"\n<div class=\"wp-block-columns is-layout-flex wp-container-core-columns-is-layout-28f84493 wp-block-columns-is-layout-flex\">\n<div class=\"wp-block-column is-layout-flow wp-block-column-is-layout-flow\" style=\"flex-basis:100%\">\n<div class=\"wp-block-columns is-layout-flex wp-container-core-columns-is-layout-28f84493 wp-block-columns-is-layout-flex\">\n<div class=\"wp-block-column is-layout-flow wp-block-column-is-layout-flow\" style=\"flex-basis:100%\">\n<div class=\"wp-block-columns is-layout-flex wp-container-core-columns-is-layout-28f84493 wp-block-columns-is-layout-flex\">\n<div class=\"wp-block-column is-layout-flow wp-block-column-is-layout-flow\">\n<div class=\"wp-block-contact-form-7-contact-form-selector\"><div role=\"form\" class=\"wpcf7\" id=\"wpcf7-f196-o1\" lang=\"hu-HU\" dir=\"ltr\">\n<div class=\"screen-reader-response\"><p role=\"status\" aria-live=\"polite\" aria-atomic=\"true\"><\/p> <ul><\/ul><\/div>\n<form action=\"\/index.php?rest_route=%2Fwp%2Fv2%2Fpages%2F197#wpcf7-f196-o1\" method=\"post\" class=\"wpcf7-form init wpcf7-acceptance-as-validation\" novalidate=\"novalidate\" data-status=\"init\">\n<div style=\"display: none;\">\n<input type=\"hidden\" name=\"_wpcf7\" value=\"196\" \/>\n<input type=\"hidden\" name=\"_wpcf7_version\" value=\"5.5.6\" \/>\n<input type=\"hidden\" name=\"_wpcf7_locale\" value=\"hu_HU\" \/>\n<input type=\"hidden\" name=\"_wpcf7_unit_tag\" value=\"wpcf7-f196-o1\" \/>\n<input type=\"hidden\" name=\"_wpcf7_container_post\" value=\"0\" \/>\n<input type=\"hidden\" name=\"_wpcf7_posted_data_hash\" value=\"\" \/>\n<\/div>\n<p><label> N\u00e9v<br \/>\n    <span class=\"wpcf7-form-control-wrap your-name\"><input type=\"text\" name=\"your-name\" value=\"\" size=\"40\" class=\"wpcf7-form-control wpcf7-text wpcf7-validates-as-required\" aria-required=\"true\" aria-invalid=\"false\" \/><\/span> <\/label><br \/>\n<label> E-mail c\u00edm<br \/>\n    <span class=\"wpcf7-form-control-wrap your-email\"><input type=\"email\" name=\"your-email\" value=\"\" size=\"40\" class=\"wpcf7-form-control wpcf7-text wpcf7-email wpcf7-validates-as-required wpcf7-validates-as-email\" aria-required=\"true\" aria-invalid=\"false\" \/><\/span> <\/label><br \/>\n<label> T\u00e1rgy<br \/>\n    <span class=\"wpcf7-form-control-wrap your-subject\"><input type=\"text\" name=\"your-subject\" value=\"\" size=\"40\" class=\"wpcf7-form-control wpcf7-text wpcf7-validates-as-required\" aria-required=\"true\" aria-invalid=\"false\" \/><\/span> <\/label><br \/>\n<label> \u00dczenet (nem k\u00f6telez\u0151)<br \/>\n    <span class=\"wpcf7-form-control-wrap your-message\"><textarea name=\"your-message\" cols=\"40\" rows=\"10\" class=\"wpcf7-form-control wpcf7-textarea\" aria-invalid=\"false\"><\/textarea><\/span> <\/label><br \/>\n<span class=\"wpcf7-form-control-wrap quiz-94\"><label><span class=\"wpcf7-quiz-label\">1+1=?<\/span> <input type=\"text\" name=\"quiz-94\" size=\"40\" class=\"wpcf7-form-control wpcf7-quiz\" autocomplete=\"off\" aria-required=\"true\" aria-invalid=\"false\" \/><\/label><input type=\"hidden\" name=\"_wpcf7_quiz_answer_quiz-94\" value=\"67d1214c6b950c900662321aaa72cb0b\" \/><\/span><br \/>\n<input type=\"submit\" value=\"Bek\u00fcld\u00e9s\" class=\"wpcf7-form-control has-spinner wpcf7-submit\" \/><\/p>\n<div class=\"wpcf7-response-output\" aria-hidden=\"true\"><\/div><\/form><\/div><\/div>\n<\/div>\n\n\n\n<div class=\"wp-block-column is-layout-flow wp-block-column-is-layout-flow\">\n<div class=\"wp-block-image is-style-rounded\"><figure class=\"alignleft size-large\"><img fetchpriority=\"high\" decoding=\"async\" width=\"425\" height=\"282\" src=\"http:\/\/morzsaovi.hu\/wp-content\/uploads\/2021\/01\/baby-email.jpg\" alt=\"\" class=\"wp-image-201\" srcset=\"https:\/\/morzsaovi.hu\/wp-content\/uploads\/2021\/01\/baby-email.jpg 425w, https:\/\/morzsaovi.hu\/wp-content\/uploads\/2021\/01\/baby-email-300x199.jpg 300w\" sizes=\"(max-width: 425px) 100vw, 425px\" \/><\/figure><\/div>\n<\/div>\n<\/div>\n<\/div>\n<\/div>\n<\/div>\n<\/div>\n\n\n\n<h2 class=\"has-text-align-center wp-block-heading\"><strong><a href=\"tel:+36302430463\" target=\"_blank\" rel=\"noreferrer noopener\" title=\"tel:\">+36 30 243 0463<\/a><\/strong><\/h2>\n\n\n\n<h2 class=\"has-text-align-center wp-block-heading\"><a href=\"mailto:franyoeszter.morzsaovi@gmail.com\" target=\"_blank\" rel=\"noreferrer noopener\">franyoeszter.morzsaovi@gmail.com<\/a><\/h2>\n\n\n\n<p class=\"has-text-align-center\">Havasi Erika<br><strong><a href=\"tel:+36302430463\" target=\"_blank\" rel=\"noreferrer noopener\">06 30 243 0463<\/a><\/strong><\/p>\n\n\n\n<p class=\"has-text-align-center\"><br>Frany\u00f3 Eszter, fenntart\u00f3<br><strong><a href=\"tel:+36305860255\" target=\"_blank\" rel=\"noreferrer noopener\">06 30 586 0255<\/a><\/strong><\/p>\n\n\n\n<p class=\"has-text-align-center\"><\/p>\n\n\n\n<div class=\"wp-block-image\"><figure class=\"aligncenter size-large is-resized\"><a href=\"https:\/\/www.facebook.com\/Morzsa-Sport-Angol-%C3%93voda-%C3%A9s-B%C3%B6lcs%C5%91de-362407710502457\/\"><img decoding=\"async\" src=\"http:\/\/morzsaovi.hu\/wp-content\/uploads\/2021\/02\/fblogo.jpg\" alt=\"\" class=\"wp-image-396\" width=\"160\" height=\"154\" srcset=\"https:\/\/morzsaovi.hu\/wp-content\/uploads\/2021\/02\/fblogo.jpg 350w, https:\/\/morzsaovi.hu\/wp-content\/uploads\/2021\/02\/fblogo-300x288.jpg 300w\" sizes=\"(max-width: 160px) 100vw, 160px\" \/><\/a><\/figure><\/div>\n\n\n\n<p class=\"has-text-align-center\"><strong>Nyitvatart\u00e1s:<br>H\u00e9tf\u0151t\u0151l p\u00e9ntekig: 7:00 &#8211; 18:00<\/strong><\/p>\n\n\n\n<p class=\"has-text-align-center\">1151 Bp, Sz\u0151dliget utca 16.<\/p>\n\n\n\n<iframe src=\"https:\/\/www.google.com\/maps\/embed?pb=!1m18!1m12!1m3!1d2692.046519541816!2d19.113678115736562!3d47.566883298713705!2m3!1f0!2f0!3f0!3m2!1i1024!2i768!4f13.1!3m3!1m2!1s0x4741da5d1d814c49%3A0x87454d0330cbfebc!2sBudapest%2C%20Sz%C5%91dliget%20u.%2016%2C%201151!5e0!3m2!1shu!2shu!4v1610748223236!5m2!1shu!2shu\" width=\"700\" height=\"300\" frameborder=\"0\" style=\"border:0;\" allowfullscreen=\"\" aria-hidden=\"false\" tabindex=\"0\"><\/iframe>\n","protected":false},"excerpt":{"rendered":"<p>+36 30 243 0463 franyoeszter.morzsaovi@gmail.com Havasi Erika06 30 243 0463 Frany\u00f3 Eszter, fenntart\u00f306 30 586 0255 Nyitvatart\u00e1s:H\u00e9tf\u0151t\u0151l p\u00e9ntekig: 7:00 &#8211; 18:00 1151 Bp, Sz\u0151dliget utca 16.<\/p>\n","protected":false},"author":2,"featured_media":0,"parent":0,"menu_order":0,"comment_status":"closed","ping_status":"closed","template":"","meta":{"_monsterinsights_skip_tracking":false,"_monsterinsights_sitenote_active":false,"_monsterinsights_sitenote_note":"","_monsterinsights_sitenote_category":0,"footnotes":""},"class_list":["post-197","page","type-page","status-publish","hentry"],"aioseo_notices":[],"_links":{"self":[{"href":"https:\/\/morzsaovi.hu\/index.php?rest_route=\/wp\/v2\/pages\/197","targetHints":{"allow":["GET"]}}],"collection":[{"href":"https:\/\/morzsaovi.hu\/index.php?rest_route=\/wp\/v2\/pages"}],"about":[{"href":"https:\/\/morzsaovi.hu\/index.php?rest_route=\/wp\/v2\/types\/page"}],"author":[{"embeddable":true,"href":"https:\/\/morzsaovi.hu\/index.php?rest_route=\/wp\/v2\/users\/2"}],"replies":[{"embeddable":true,"href":"https:\/\/morzsaovi.hu\/index.php?rest_route=%2Fwp%2Fv2%2Fcomments&post=197"}],"version-history":[{"count":14,"href":"https:\/\/morzsaovi.hu\/index.php?rest_route=\/wp\/v2\/pages\/197\/revisions"}],"predecessor-version":[{"id":543,"href":"https:\/\/morzsaovi.hu\/index.php?rest_route=\/wp\/v2\/pages\/197\/revisions\/543"}],"wp:attachment":[{"href":"https:\/\/morzsaovi.hu\/index.php?rest_route=%2Fwp%2Fv2%2Fmedia&parent=197"}],"curies":[{"name":"wp","href":"https:\/\/api.w.org\/{rel}","templated":true}]}}