{"id":210,"date":"2021-01-26T09:49:32","date_gmt":"2021-01-26T08:49:32","guid":{"rendered":"http:\/\/morzsaovi.hu\/?page_id=210"},"modified":"2024-08-15T15:21:22","modified_gmt":"2024-08-15T14:21:22","slug":"magunkrol","status":"publish","type":"page","link":"https:\/\/morzsaovi.hu\/?page_id=210","title":{"rendered":"R\u00f3lunk"},"content":{"rendered":"\n<h2 class=\"has-text-align-center wp-block-heading\">Szeretettel k\u00f6sz\u00f6nt\u00fcnk minden l\u00e1togat\u00f3t,<br>a Morzsa Sport\u00f3voda \u00e9s B\u00f6lcs\u0151de honlapj\u00e1n!<\/h2>\n\n\n\n<div class=\"wp-block-columns is-layout-flex wp-container-core-columns-is-layout-28f84493 wp-block-columns-is-layout-flex\">\n<div class=\"wp-block-column is-layout-flow wp-block-column-is-layout-flow\" style=\"flex-basis:66.66%\">\n<p>\u00d3vod\u00e1nkat \u00e9s B\u00f6lcs\u0151d\u00e9nket 2012 tel\u00e9n nyitottuk.<br>Sok szeretettel v\u00e1rjuk egy kertv\u00e1rosi, nyugodt, vid\u00e1m k\u00f6rnyezetben az 1 &#8211; 7 \u00e9v kor k\u00f6z\u00f6tti gyerekeket.<\/p>\n\n\n\n<p>Szakmailag \u00f6n\u00e1ll\u00f3 nevel\u00e9si tev\u00e9kenys\u00e9get folytatunk, a nevel\u0151test\u00fclet hivat\u00e1sukat sz\u00edvb\u0151l szeret\u0151, tapasztalt, kreat\u00edv, lend\u00fcletes szakemberekb\u0151l \u00e1ll.<br>Saj\u00e1t, helyi <strong><em>Pedag\u00f3giai programunk<\/em><\/strong>, az \u00f3voda profilj\u00e1ra \u00e9p\u00fcl: <em>mozg\u00e1sra, sportra<\/em> \u00e9s az <strong><em>angol nyelv\u0171<\/em><\/strong> j\u00e1t\u00e9kos mindennapi foglalkoz\u00e1sokra.<br>Gyermekk\u00f6zpont\u00fa nevel\u00e9s\u00fcnk \u00e1ltal a legfontosabbnak tartjuk a gyermekek sz\u00e1m\u00e1ra az \u00f6nfeledt j\u00e1t\u00e9k biztos\u00edt\u00e1s\u00e1t, \u00e9s ez \u00e1ltal k\u00fcl\u00f6nb\u00f6z\u0151 ismeretek elsaj\u00e1t\u00edt\u00e1s\u00e1t, hiszen ebben az \u00e9letkorban a j\u00e1t\u00e9k a szem\u00e9lyis\u00e9gfejleszt\u00e9s leghat\u00e9konyabb eszk\u00f6ze.<\/p>\n\n\n\n<p>Kis l\u00e9tsz\u00e1m\u00fa csoportok<em>,<strong> iskol\u00e1ra el\u0151k\u00e9sz\u00edt\u0151<\/strong><\/em> foglalkoz\u00e1sok, <strong><em>logop\u00e9dia<\/em> \u00e9s <em>egy\u00e9ni<\/em><\/strong><em> <strong>fejleszt\u00e9s<\/strong><\/em>&nbsp;v\u00e1rja a gyermekeket, az \u00f3vodai foglalkoz\u00e1sok (vizu\u00e1lis, k\u00e9zm\u0171vess\u00e9g, mese, vers, mond\u00f3k\u00e1z\u00e1s, \u00e9nek- zene, k\u00fcls\u0151 vil\u00e1g tev\u00e9keny megismer\u00e9se &#8211; matematikai tartalm\u00fa ismeretek) mellett. Az \u00f3vodai foglalkoz\u00e1sainkat, a Tev\u00e9kenys\u00e9gk\u00f6zpont\u00fa \u00d3vodai Pedag\u00f3giai Program sz\u00f6vi \u00e1t, amellyel \u00e9p\u00edt\u00fcnk a gyermekek kor\u00e1bbi ismereteire, kreativit\u00e1sukra, tapasztalatok \u00fatj\u00e1n saj\u00e1t\u00edtanak el ismereteket, k\u00f6z\u00f6s \u00e9lm\u00e9nyszerz\u00e9ssel, k\u00f6z\u00f6s j\u00e1t\u00e9kkal, mese \u00e9s csodavil\u00e1ggal t\u00f6reksz\u00fcnk a gyermekek sokoldal\u00fa, harmonikus szem\u00e9lyis\u00e9gfejleszt\u00e9s\u00e9re, az egy\u00e9ni k\u00e9szs\u00e9gek \u00e9s k\u00e9pess\u00e9gek figyelembe v\u00e9tel\u00e9vel.<br><\/p>\n\n\n\n<p>Sportrendezv\u00e9nyeken sz\u00edvesen r\u00e9szt vesz\u00fcnk, a gyermekek nagy \u00f6r\u00f6m\u00e9re. 2018-ban \u00e9s 2019-ben a F\u00f6ld napja alkalm\u00e1b\u00f3l megrendezett ker\u00fcleti \u00f6ko- akad\u00e1lyversenyen&nbsp;I. helyez\u00e9st \u00e9rt\u00fcnk el.<\/p>\n<\/div>\n\n\n\n<div class=\"wp-block-column is-layout-flow wp-block-column-is-layout-flow\" style=\"flex-basis:33.33%\">\n<h2 class=\"alignwide has-text-align-center wp-block-heading\" id=\"block-a2db3635-2f88-422a-bd6a-35f330242e31\"><div id=\"metaslider-id-335\" style=\"max-width: 400px; margin: 0 auto;\" class=\"ml-slider-3-96-0 metaslider metaslider-nivo metaslider-335 ml-slider ms-theme-default\" role=\"region\" aria-roledescription=\"Slideshow\" aria-label=\"f\u0151oldal\">\n    <div id=\"metaslider_container_335\">\n        <div class='slider-wrapper theme-default'><div class='ribbon'><\/div><div id='metaslider_335' class='nivoSlider'><img fetchpriority=\"high\" decoding=\"async\" src=\"https:\/\/morzsaovi.hu\/wp-content\/uploads\/2021\/02\/1-1-400x300.png\" height=\"300\" width=\"400\" title=\"1\" alt=\"\" class=\"slider-335 slide-367\" \/><img decoding=\"async\" src=\"https:\/\/morzsaovi.hu\/wp-content\/uploads\/2021\/02\/2-1-400x300.png\" height=\"300\" width=\"400\" title=\"2\" alt=\"\" class=\"slider-335 slide-368\" \/><img decoding=\"async\" src=\"https:\/\/morzsaovi.hu\/wp-content\/uploads\/2021\/02\/3-1-400x300.png\" height=\"300\" width=\"400\" title=\"3\" alt=\"\" class=\"slider-335 slide-369\" \/><img loading=\"lazy\" decoding=\"async\" src=\"https:\/\/morzsaovi.hu\/wp-content\/uploads\/2021\/02\/4-1-400x300.png\" height=\"300\" width=\"400\" title=\"4\" alt=\"\" class=\"slider-335 slide-370\" \/><img loading=\"lazy\" decoding=\"async\" src=\"https:\/\/morzsaovi.hu\/wp-content\/uploads\/2021\/02\/5-1-400x300.png\" height=\"300\" width=\"400\" title=\"5\" alt=\"\" class=\"slider-335 slide-371\" \/><img loading=\"lazy\" decoding=\"async\" src=\"https:\/\/morzsaovi.hu\/wp-content\/uploads\/2021\/02\/6-1-400x300.png\" height=\"300\" width=\"400\" title=\"6\" alt=\"\" class=\"slider-335 slide-372\" \/><img loading=\"lazy\" decoding=\"async\" src=\"https:\/\/morzsaovi.hu\/wp-content\/uploads\/2021\/02\/7-1-400x300.png\" height=\"300\" width=\"400\" title=\"7\" alt=\"\" class=\"slider-335 slide-373\" \/><img loading=\"lazy\" decoding=\"async\" src=\"https:\/\/morzsaovi.hu\/wp-content\/uploads\/2021\/02\/8-400x300.png\" height=\"300\" width=\"400\" title=\"8\" alt=\"\" class=\"slider-335 slide-374\" \/><img loading=\"lazy\" decoding=\"async\" src=\"https:\/\/morzsaovi.hu\/wp-content\/uploads\/2021\/02\/9-400x300.png\" height=\"300\" width=\"400\" title=\"9\" alt=\"\" class=\"slider-335 slide-375\" \/><img loading=\"lazy\" decoding=\"async\" src=\"https:\/\/morzsaovi.hu\/wp-content\/uploads\/2021\/02\/10-400x300.png\" height=\"300\" width=\"400\" title=\"10\" alt=\"\" class=\"slider-335 slide-376\" \/><\/div><\/div>\n        \n    <\/div>\n<\/div><\/h2>\n\n\n\n<p><\/p>\n<\/div>\n<\/div>\n\n\n\n<p class=\"has-text-align-center\">Morzsa Sport\u00f3voda \u00e9s B\u00f6lcs\u0151de<br>Nyitva tart\u00e1s: H\u00e9tf\u0151t\u0151l &#8211; P\u00e9ntekig 7:00-18:00<br>+36 30 243 0463; +36 30 586 0255<\/p>\n","protected":false},"excerpt":{"rendered":"<p>Szeretettel k\u00f6sz\u00f6nt\u00fcnk minden l\u00e1togat\u00f3t,a Morzsa Sport\u00f3voda \u00e9s B\u00f6lcs\u0151de honlapj\u00e1n! \u00d3vod\u00e1nkat \u00e9s B\u00f6lcs\u0151d\u00e9nket 2012 tel\u00e9n nyitottuk.Sok szeretettel v\u00e1rjuk egy kertv\u00e1rosi, nyugodt, vid\u00e1m k\u00f6rnyezetben az 1 &#8211; 7 \u00e9v kor k\u00f6z\u00f6tti gyerekeket. Szakmailag \u00f6n\u00e1ll\u00f3 nevel\u00e9si tev\u00e9kenys\u00e9get folytatunk, a nevel\u0151test\u00fclet hivat\u00e1sukat sz\u00edvb\u0151l szeret\u0151, tapasztalt, kreat\u00edv, lend\u00fcletes szakemberekb\u0151l \u00e1ll.Saj\u00e1t, helyi Pedag\u00f3giai programunk, az \u00f3voda profilj\u00e1ra \u00e9p\u00fcl: mozg\u00e1sra, sportra \u00e9s [&hellip;]<\/p>\n","protected":false},"author":2,"featured_media":0,"parent":0,"menu_order":0,"comment_status":"closed","ping_status":"closed","template":"","meta":{"_monsterinsights_skip_tracking":false,"_monsterinsights_sitenote_active":false,"_monsterinsights_sitenote_note":"","_monsterinsights_sitenote_category":0,"footnotes":""},"class_list":["post-210","page","type-page","status-publish","hentry"],"aioseo_notices":[],"_links":{"self":[{"href":"https:\/\/morzsaovi.hu\/index.php?rest_route=\/wp\/v2\/pages\/210","targetHints":{"allow":["GET"]}}],"collection":[{"href":"https:\/\/morzsaovi.hu\/index.php?rest_route=\/wp\/v2\/pages"}],"about":[{"href":"https:\/\/morzsaovi.hu\/index.php?rest_route=\/wp\/v2\/types\/page"}],"author":[{"embeddable":true,"href":"https:\/\/morzsaovi.hu\/index.php?rest_route=\/wp\/v2\/users\/2"}],"replies":[{"embeddable":true,"href":"https:\/\/morzsaovi.hu\/index.php?rest_route=%2Fwp%2Fv2%2Fcomments&post=210"}],"version-history":[{"count":4,"href":"https:\/\/morzsaovi.hu\/index.php?rest_route=\/wp\/v2\/pages\/210\/revisions"}],"predecessor-version":[{"id":537,"href":"https:\/\/morzsaovi.hu\/index.php?rest_route=\/wp\/v2\/pages\/210\/revisions\/537"}],"wp:attachment":[{"href":"https:\/\/morzsaovi.hu\/index.php?rest_route=%2Fwp%2Fv2%2Fmedia&parent=210"}],"curies":[{"name":"wp","href":"https:\/\/api.w.org\/{rel}","templated":true}]}}