{"id":235,"date":"2021-01-26T10:18:30","date_gmt":"2021-01-26T09:18:30","guid":{"rendered":"http:\/\/morzsaovi.hu\/?page_id=235"},"modified":"2022-03-03T07:15:52","modified_gmt":"2022-03-03T06:15:52","slug":"pedagogusaink-neveloink","status":"publish","type":"page","link":"https:\/\/morzsaovi.hu\/?page_id=235","title":{"rendered":"Pedag\u00f3gusaink, nevel\u0151ink"},"content":{"rendered":"\n<div class=\"wp-block-image\"><figure class=\"aligncenter size-large\"><img fetchpriority=\"high\" decoding=\"async\" width=\"474\" height=\"624\" src=\"https:\/\/morzsaovi.hu\/wp-content\/uploads\/2021\/04\/SchleiderKata-1.jpg\" alt=\"\" class=\"wp-image-468\" srcset=\"https:\/\/morzsaovi.hu\/wp-content\/uploads\/2021\/04\/SchleiderKata-1.jpg 474w, https:\/\/morzsaovi.hu\/wp-content\/uploads\/2021\/04\/SchleiderKata-1-228x300.jpg 228w\" sizes=\"(max-width: 474px) 100vw, 474px\" \/><\/figure><\/div>\n\n\n\n<p class=\"has-text-align-center\"><strong>Schleider Kata <\/strong>&#8211; \u00f3vodavezet\u0151, \u00f3vodapedag\u00f3gus<\/p>\n\n\n\n<p class=\"has-text-align-center\">A Morzsa Sport\u00f3voda \u00e9s B\u00f6lcs\u0151de alap\u00edt\u00e1sa \u00f3ta a nevel\u0151test\u00fclet tagja \u00e9s a szakmai munkacsoport vezet\u0151je. 2013-ban szerezte els\u0151 pedag\u00f3gus diplom\u00e1j\u00e1t, 2021 j\u00falius\u00e1ra tehet\u0151 a m\u00e1sodik. F\u00e9l \u00e9vet t\u00f6lt\u00f6tt Ausztr\u00e1li\u00e1ban. Pedag\u00f3gus tov\u00e1bbk\u00e9pz\u00e9seken \u00e9s konferenci\u00e1kon vesz r\u00e9szt. T\u00edz \u00e9ves szakmai tapasztalattal rendelkezik.<br><br>&nbsp;\u201e<em>Szerencs\u00e9snek tartom magam, hiszen a munk\u00e1m a hivat\u00e1som \u00e9s a hobbim is egyben, \u00e9s egy gyermekszeret\u0151 szakmai csoporttal dolgozhatok egy\u00fctt, fenntart\u00f3nk b\u00edzik a szak\u00e9rtelm\u00fcnkben \u00e9s teljes m\u00e9rt\u00e9kben t\u00e1mogatja azt. Minden gyermek j\u00f3l\u00e9te, eg\u00e9szs\u00e9ges fejl\u0151d\u00e9se fontos sz\u00e1momra. Megteremtett\u00fck a harmonikus, lend\u00fcletes, humoros l\u00e9gk\u00f6rt, a csoda- \u00e9s mesevil\u00e1got. C\u00e9lunk, hogy kreat\u00edv, nyitott, boldog, \u00f6n\u00e1ll\u00f3, talpraesett, tud\u00e1sv\u00e1ggyal \u00e9s \u00f6nbizalommal teli gyermekek cseperedjenek n\u00e1lunk. Mindent megtesz\u00fcnk, hogy a gyermekek \u00e9lm\u00e9nyekkel telve, iskol\u00e1ra teljesen felk\u00e9sz\u00fclve, ballagjanak t\u0151l\u00fcnk iskol\u00e1ba \u00e9s szeretettel gondoljanak vissza, a n\u00e1lunk t\u00f6lt\u00f6tt b\u00f6lcs\u0151dei\/\u00f3vodai \u00e9veikre. \u00d6r\u00f6mmel t\u00f6lt el, hogy, a most k\u00e9t \u00e9ves kisfiamat biztons\u00e1gban, nyugalmas, kedves hangulatban tudhatom minden nap, ami a nevel\u0151ink hivat\u00e1studat\u00e1nak, gyermekek ir\u00e1nti szeretet\u00e9nek k\u00f6sz\u00f6nhet\u0151.\u201d<\/em><\/p>\n\n\n\n<div class=\"wp-block-image\"><figure class=\"aligncenter size-large\"><img decoding=\"async\" width=\"474\" height=\"624\" src=\"http:\/\/morzsaovi.hu\/wp-content\/uploads\/2021\/02\/havasierika.jpg\" alt=\"\" class=\"wp-image-283\" srcset=\"https:\/\/morzsaovi.hu\/wp-content\/uploads\/2021\/02\/havasierika.jpg 474w, https:\/\/morzsaovi.hu\/wp-content\/uploads\/2021\/02\/havasierika-228x300.jpg 228w\" sizes=\"(max-width: 474px) 100vw, 474px\" \/><\/figure><\/div>\n\n\n\n<p class=\"has-text-align-center\"><strong>Havasi Erika<\/strong> &#8211; \u00f3vodapedag\u00f3gus<\/p>\n\n\n\n<p class=\"has-text-align-center\">Tizen\u00f6t \u00e9ves szakmai tapasztalattal rendelkez\u0151 \u00f3vodapedag\u00f3gus. Angli\u00e1b\u00f3l \u00e9rkezett hozz\u00e1nk, ahol nyolc \u00e9vet t\u00f6lt\u00f6tt. Szakmai felk\u00e9sz\u00fclts\u00e9ge alapj\u00e1n v\u00e9gzett pedag\u00f3giai asszisztens, kisgyermekgondoz\u00f3 \u00e9s els\u0151seg\u00e9lyny\u00fajt\u00f3, valamint egy 12 \u00e9ves gyermek \u00e9desanyja.<\/p>\n\n\n\n<div class=\"wp-block-columns are-vertically-aligned-center is-layout-flex wp-container-core-columns-is-layout-28f84493 wp-block-columns-is-layout-flex\">\n<div class=\"wp-block-column is-vertically-aligned-center is-layout-flow wp-block-column-is-layout-flow\" style=\"flex-basis:100%\">\n<div class=\"wp-block-image\"><figure class=\"aligncenter size-large\"><img decoding=\"async\" width=\"474\" height=\"624\" src=\"http:\/\/morzsaovi.hu\/wp-content\/uploads\/2021\/02\/nemethnekissagnes.jpg\" alt=\"\" class=\"wp-image-290\" srcset=\"https:\/\/morzsaovi.hu\/wp-content\/uploads\/2021\/02\/nemethnekissagnes.jpg 474w, https:\/\/morzsaovi.hu\/wp-content\/uploads\/2021\/02\/nemethnekissagnes-228x300.jpg 228w\" sizes=\"(max-width: 474px) 100vw, 474px\" \/><\/figure><\/div>\n\n\n\n<p class=\"has-text-align-center\"><strong>N\u00e9methn\u00e9 Kiss \u00c1gnes<\/strong> &#8211; kisgyermeknevel\u0151<\/p>\n<\/div>\n<\/div>\n\n\n\n<p class=\"has-text-align-center\">H\u00fasz \u00e9ves szakmai tapasztalattal rendelkezik. Feln\u0151tt gyermekeivel \u00e9s k\u00e9t gy\u00f6ny\u00f6r\u0171 unok\u00e1val b\u00fcszk\u00e9lkedhet.<\/p>\n\n\n\n<div class=\"wp-block-image\"><figure class=\"aligncenter size-large\"><img loading=\"lazy\" decoding=\"async\" width=\"474\" height=\"624\" src=\"http:\/\/morzsaovi.hu\/wp-content\/uploads\/2021\/02\/vekonyildiko.jpg\" alt=\"\" class=\"wp-image-291\" srcset=\"https:\/\/morzsaovi.hu\/wp-content\/uploads\/2021\/02\/vekonyildiko.jpg 474w, https:\/\/morzsaovi.hu\/wp-content\/uploads\/2021\/02\/vekonyildiko-228x300.jpg 228w\" sizes=\"(max-width: 474px) 100vw, 474px\" \/><\/figure><\/div>\n\n\n\n<p class=\"has-text-align-center\"><strong>V\u00e9kony Ildik\u00f3<\/strong> &#8211; kisgyermeknevel\u0151<\/p>\n\n\n\n<p class=\"has-text-align-center\">A Morzsa Sport\u00f3voda \u00e9s B\u00f6lcs\u0151de alap\u00edt\u00e1sa \u00f3ta a nevel\u0151test\u00fclet tagja. H\u00fasz \u00e9ves szakmai tapasztalattal rendelkezik. K\u00e9t feln\u0151tt gyermek \u00e9desanyja \u00e9s k\u00e9t unoka b\u00fcszke nagymam\u00e1ja.<\/p>\n\n\n\n<h3 class=\"alignfull has-text-align-center wp-block-heading\">A nevel\u0151test\u00fclet gyermekk\u00f6zpont\u00fa, hivat\u00e1s\u00e1t sz\u00edvb\u0151l szeret\u0151 szakemberei m\u00e9g<\/h3>\n\n\n\n<p class=\"has-text-align-center\"><strong>B\u00edr\u00f3 Zsuzsa<\/strong> &#8211; \u00f3vodai dajka<br>26 \u00e9ves feln\u0151tt l\u00e1ny\u00e1nak \u00e9desanyja<\/p>\n\n\n\n<div class=\"wp-block-image\"><figure class=\"aligncenter size-large\"><img loading=\"lazy\" decoding=\"async\" width=\"474\" height=\"624\" src=\"https:\/\/morzsaovi.hu\/wp-content\/uploads\/2021\/02\/Szabadkai-Tunde.png\" alt=\"\" class=\"wp-image-462\" srcset=\"https:\/\/morzsaovi.hu\/wp-content\/uploads\/2021\/02\/Szabadkai-Tunde.png 474w, https:\/\/morzsaovi.hu\/wp-content\/uploads\/2021\/02\/Szabadkai-Tunde-228x300.png 228w\" sizes=\"(max-width: 474px) 100vw, 474px\" \/><\/figure><\/div>\n\n\n\n<p class=\"has-text-align-center\"><strong>Szabadkai T\u00fcnde<\/strong> -\u00f3vodai dajka<br>N\u00e9gy \u00e9ves, t\u00fcnem\u00e9nyes kisl\u00e1ny \u00e9desanyja<\/p>\n","protected":false},"excerpt":{"rendered":"<p>Schleider Kata &#8211; \u00f3vodavezet\u0151, \u00f3vodapedag\u00f3gus A Morzsa Sport\u00f3voda \u00e9s B\u00f6lcs\u0151de alap\u00edt\u00e1sa \u00f3ta a nevel\u0151test\u00fclet tagja \u00e9s a szakmai munkacsoport vezet\u0151je. 2013-ban szerezte els\u0151 pedag\u00f3gus diplom\u00e1j\u00e1t, 2021 j\u00falius\u00e1ra tehet\u0151 a m\u00e1sodik. F\u00e9l \u00e9vet t\u00f6lt\u00f6tt Ausztr\u00e1li\u00e1ban. Pedag\u00f3gus tov\u00e1bbk\u00e9pz\u00e9seken \u00e9s konferenci\u00e1kon vesz r\u00e9szt. T\u00edz \u00e9ves szakmai tapasztalattal rendelkezik. &nbsp;\u201eSzerencs\u00e9snek tartom magam, hiszen a munk\u00e1m a hivat\u00e1som \u00e9s a [&hellip;]<\/p>\n","protected":false},"author":2,"featured_media":0,"parent":0,"menu_order":0,"comment_status":"closed","ping_status":"closed","template":"","meta":{"_monsterinsights_skip_tracking":false,"_monsterinsights_sitenote_active":false,"_monsterinsights_sitenote_note":"","_monsterinsights_sitenote_category":0,"footnotes":""},"class_list":["post-235","page","type-page","status-publish","hentry"],"aioseo_notices":[],"_links":{"self":[{"href":"https:\/\/morzsaovi.hu\/index.php?rest_route=\/wp\/v2\/pages\/235","targetHints":{"allow":["GET"]}}],"collection":[{"href":"https:\/\/morzsaovi.hu\/index.php?rest_route=\/wp\/v2\/pages"}],"about":[{"href":"https:\/\/morzsaovi.hu\/index.php?rest_route=\/wp\/v2\/types\/page"}],"author":[{"embeddable":true,"href":"https:\/\/morzsaovi.hu\/index.php?rest_route=\/wp\/v2\/users\/2"}],"replies":[{"embeddable":true,"href":"https:\/\/morzsaovi.hu\/index.php?rest_route=%2Fwp%2Fv2%2Fcomments&post=235"}],"version-history":[{"count":22,"href":"https:\/\/morzsaovi.hu\/index.php?rest_route=\/wp\/v2\/pages\/235\/revisions"}],"predecessor-version":[{"id":499,"href":"https:\/\/morzsaovi.hu\/index.php?rest_route=\/wp\/v2\/pages\/235\/revisions\/499"}],"wp:attachment":[{"href":"https:\/\/morzsaovi.hu\/index.php?rest_route=%2Fwp%2Fv2%2Fmedia&parent=235"}],"curies":[{"name":"wp","href":"https:\/\/api.w.org\/{rel}","templated":true}]}}